{"id":47,"date":"2023-11-10T00:00:09","date_gmt":"2023-11-10T03:00:09","guid":{"rendered":"https:\/\/bptecin.com\/index.php\/home\/"},"modified":"2025-04-07T11:01:17","modified_gmt":"2025-04-07T14:01:17","slug":"home","status":"publish","type":"page","link":"https:\/\/bptecin.com\/","title":{"rendered":"Home"},"content":{"rendered":"\t\t<div data-elementor-type=\"wp-page\" data-elementor-id=\"47\" class=\"elementor elementor-47\">\n\t\t\t\t<div class=\"elementor-element elementor-element-d5cfde3 e-flex e-con-boxed e-con e-parent\" data-id=\"d5cfde3\" data-element_type=\"container\" data-e-type=\"container\" data-settings=\"{&quot;background_background&quot;:&quot;classic&quot;}\">\n\t\t\t\t\t<div class=\"e-con-inner\">\n\t\t\t\t<div class=\"elementor-element elementor-element-3ecd55be elementor-invisible elementor-widget elementor-widget-heading\" data-id=\"3ecd55be\" data-element_type=\"widget\" data-e-type=\"widget\" data-settings=\"{&quot;_animation&quot;:&quot;fadeIn&quot;}\" data-widget_type=\"heading.default\">\n\t\t\t\t<div class=\"elementor-widget-container\">\n\t\t\t\t\t<h1 class=\"elementor-heading-title elementor-size-default\">Desenvolvimento de Projetos de Software<\/h1>\t\t\t\t<\/div>\n\t\t\t\t<\/div>\n\t\t\t\t<div class=\"elementor-element elementor-element-32b3f1bc elementor-invisible elementor-widget elementor-widget-heading\" data-id=\"32b3f1bc\" data-element_type=\"widget\" data-e-type=\"widget\" data-settings=\"{&quot;_animation&quot;:&quot;fadeIn&quot;}\" data-widget_type=\"heading.default\">\n\t\t\t\t<div class=\"elementor-widget-container\">\n\t\t\t\t\t<h5 class=\"elementor-heading-title elementor-size-default\">Projetos Web e Business Intelligence<\/h5>\t\t\t\t<\/div>\n\t\t\t\t<\/div>\n\t\t\t\t<div class=\"elementor-element elementor-element-2a921c06 elementor-align-center elementor-invisible elementor-widget elementor-widget-button\" data-id=\"2a921c06\" data-element_type=\"widget\" data-e-type=\"widget\" data-settings=\"{&quot;_animation&quot;:&quot;fadeIn&quot;,&quot;_animation_delay&quot;:400}\" data-widget_type=\"button.default\">\n\t\t\t\t<div class=\"elementor-widget-container\">\n\t\t\t\t\t\t\t\t\t<div class=\"elementor-button-wrapper\">\n\t\t\t\t\t<a class=\"elementor-button elementor-button-link elementor-size-sm\" href=\"https:\/\/wa.me\/5551992747580\" target=\"_blank\">\n\t\t\t\t\t\t<span class=\"elementor-button-content-wrapper\">\n\t\t\t\t\t\t\t\t\t<span class=\"elementor-button-text\">Contato<\/span>\n\t\t\t\t\t<\/span>\n\t\t\t\t\t<\/a>\n\t\t\t\t<\/div>\n\t\t\t\t\t\t\t\t<\/div>\n\t\t\t\t<\/div>\n\t\t\t\t\t<\/div>\n\t\t\t\t<\/div>\n\t\t<div class=\"elementor-element elementor-element-76b52626 e-flex e-con-boxed e-con e-parent\" data-id=\"76b52626\" data-element_type=\"container\" data-e-type=\"container\">\n\t\t\t\t\t<div class=\"e-con-inner\">\n\t\t\t\t<div class=\"elementor-element elementor-element-30e5297 elementor-widget elementor-widget-heading\" data-id=\"30e5297\" data-element_type=\"widget\" data-e-type=\"widget\" data-widget_type=\"heading.default\">\n\t\t\t\t<div class=\"elementor-widget-container\">\n\t\t\t\t\t<h2 class=\"elementor-heading-title elementor-size-default\">Nossos servi\u00e7os<\/h2>\t\t\t\t<\/div>\n\t\t\t\t<\/div>\n\t\t\t\t<div class=\"elementor-element elementor-element-ccbb979 elementor-widget elementor-widget-heading\" data-id=\"ccbb979\" data-element_type=\"widget\" data-e-type=\"widget\" data-widget_type=\"heading.default\">\n\t\t\t\t<div class=\"elementor-widget-container\">\n\t\t\t\t\t<h5 class=\"elementor-heading-title elementor-size-default\">Uma breve descri\u00e7\u00e3o dos nossos servi\u00e7os<\/h5>\t\t\t\t<\/div>\n\t\t\t\t<\/div>\n\t\t<div class=\"elementor-element elementor-element-b2d7dbe e-con-full e-flex e-con e-child\" data-id=\"b2d7dbe\" data-element_type=\"container\" data-e-type=\"container\">\n\t\t\t\t<div class=\"elementor-element elementor-element-43ed2439 elementor-widget-tablet__width-initial elementor-widget-mobile__width-inherit elementor-widget__width-initial elementor-position-top elementor-widget elementor-widget-image-box\" data-id=\"43ed2439\" data-element_type=\"widget\" data-e-type=\"widget\" data-widget_type=\"image-box.default\">\n\t\t\t\t<div class=\"elementor-widget-container\">\n\t\t\t\t\t<div class=\"elementor-image-box-wrapper\"><figure class=\"elementor-image-box-img\"><img fetchpriority=\"high\" decoding=\"async\" width=\"2560\" height=\"1709\" src=\"https:\/\/bptecin.com\/wp-content\/uploads\/2024\/04\/web-scaled.jpg\" class=\"elementor-animation-grow attachment-full size-full wp-image-82\" alt=\"Designed by Freepik\" srcset=\"https:\/\/bptecin.com\/wp-content\/uploads\/2024\/04\/web-scaled.jpg 2560w, https:\/\/bptecin.com\/wp-content\/uploads\/2024\/04\/web-300x200.jpg 300w, https:\/\/bptecin.com\/wp-content\/uploads\/2024\/04\/web-1024x684.jpg 1024w, https:\/\/bptecin.com\/wp-content\/uploads\/2024\/04\/web-768x513.jpg 768w, https:\/\/bptecin.com\/wp-content\/uploads\/2024\/04\/web-1536x1025.jpg 1536w, https:\/\/bptecin.com\/wp-content\/uploads\/2024\/04\/web-2048x1367.jpg 2048w\" sizes=\"(max-width: 2560px) 100vw, 2560px\" \/><\/figure><div class=\"elementor-image-box-content\"><h4 class=\"elementor-image-box-title\">Desenvolvimento Web<\/h4><p class=\"elementor-image-box-description\">Desenvolvemos sites e projetos Web customizados para a sua empresa<\/p><\/div><\/div>\t\t\t\t<\/div>\n\t\t\t\t<\/div>\n\t\t\t\t<div class=\"elementor-element elementor-element-3afe9b04 elementor-widget-tablet__width-initial elementor-widget-mobile__width-inherit elementor-widget__width-initial elementor-position-top elementor-widget elementor-widget-image-box\" data-id=\"3afe9b04\" data-element_type=\"widget\" data-e-type=\"widget\" data-widget_type=\"image-box.default\">\n\t\t\t\t<div class=\"elementor-widget-container\">\n\t\t\t\t\t<div class=\"elementor-image-box-wrapper\"><figure class=\"elementor-image-box-img\"><img decoding=\"async\" width=\"300\" height=\"200\" src=\"https:\/\/bptecin.com\/wp-content\/uploads\/2024\/04\/BI-300x200.jpg\" class=\"elementor-animation-grow attachment-medium size-medium wp-image-79\" alt=\"Designed by Freepik\" srcset=\"https:\/\/bptecin.com\/wp-content\/uploads\/2024\/04\/BI-300x200.jpg 300w, https:\/\/bptecin.com\/wp-content\/uploads\/2024\/04\/BI-1024x683.jpg 1024w, https:\/\/bptecin.com\/wp-content\/uploads\/2024\/04\/BI-768x512.jpg 768w, https:\/\/bptecin.com\/wp-content\/uploads\/2024\/04\/BI-1536x1025.jpg 1536w, https:\/\/bptecin.com\/wp-content\/uploads\/2024\/04\/BI-2048x1366.jpg 2048w\" sizes=\"(max-width: 300px) 100vw, 300px\" \/><\/figure><div class=\"elementor-image-box-content\"><h4 class=\"elementor-image-box-title\">Business Intelligence<\/h4><p class=\"elementor-image-box-description\">Desenvolvimento de projetos de dados para a gest\u00e3o da sua empresa<\/p><\/div><\/div>\t\t\t\t<\/div>\n\t\t\t\t<\/div>\n\t\t\t\t<div class=\"elementor-element elementor-element-4013ea92 elementor-widget-tablet__width-initial elementor-widget-mobile__width-inherit elementor-widget__width-initial elementor-position-top elementor-widget elementor-widget-image-box\" data-id=\"4013ea92\" data-element_type=\"widget\" data-e-type=\"widget\" data-widget_type=\"image-box.default\">\n\t\t\t\t<div class=\"elementor-widget-container\">\n\t\t\t\t\t<div class=\"elementor-image-box-wrapper\"><figure class=\"elementor-image-box-img\"><img decoding=\"async\" width=\"300\" height=\"225\" src=\"https:\/\/bptecin.com\/wp-content\/uploads\/2024\/04\/consult-300x225.jpg\" class=\"elementor-animation-grow attachment-medium size-medium wp-image-80\" alt=\"Designed by Freepik\" srcset=\"https:\/\/bptecin.com\/wp-content\/uploads\/2024\/04\/consult-300x225.jpg 300w, https:\/\/bptecin.com\/wp-content\/uploads\/2024\/04\/consult-1024x768.jpg 1024w, https:\/\/bptecin.com\/wp-content\/uploads\/2024\/04\/consult-768x576.jpg 768w, https:\/\/bptecin.com\/wp-content\/uploads\/2024\/04\/consult-1536x1152.jpg 1536w, https:\/\/bptecin.com\/wp-content\/uploads\/2024\/04\/consult-2048x1536.jpg 2048w\" sizes=\"(max-width: 300px) 100vw, 300px\" \/><\/figure><div class=\"elementor-image-box-content\"><h4 class=\"elementor-image-box-title\">Consultoria em Tecnologia<\/h4><p class=\"elementor-image-box-description\">Oferecemos solu\u00e7\u00f5es especializadas em estrutura\u00e7\u00e3o, arquitetura e projetos de software<\/p><\/div><\/div>\t\t\t\t<\/div>\n\t\t\t\t<\/div>\n\t\t\t\t<div class=\"elementor-element elementor-element-580d492f elementor-widget-tablet__width-initial elementor-widget-mobile__width-inherit elementor-widget__width-initial elementor-position-top elementor-widget elementor-widget-image-box\" data-id=\"580d492f\" data-element_type=\"widget\" data-e-type=\"widget\" data-widget_type=\"image-box.default\">\n\t\t\t\t<div class=\"elementor-widget-container\">\n\t\t\t\t\t<div class=\"elementor-image-box-wrapper\"><figure class=\"elementor-image-box-img\"><img loading=\"lazy\" decoding=\"async\" width=\"2560\" height=\"1707\" src=\"https:\/\/bptecin.com\/wp-content\/uploads\/2024\/04\/devops-scaled.jpg\" class=\"elementor-animation-grow attachment-full size-full wp-image-81\" alt=\"Designed by Freepik\" srcset=\"https:\/\/bptecin.com\/wp-content\/uploads\/2024\/04\/devops-scaled.jpg 2560w, https:\/\/bptecin.com\/wp-content\/uploads\/2024\/04\/devops-300x200.jpg 300w, https:\/\/bptecin.com\/wp-content\/uploads\/2024\/04\/devops-1024x683.jpg 1024w, https:\/\/bptecin.com\/wp-content\/uploads\/2024\/04\/devops-768x512.jpg 768w, https:\/\/bptecin.com\/wp-content\/uploads\/2024\/04\/devops-1536x1024.jpg 1536w, https:\/\/bptecin.com\/wp-content\/uploads\/2024\/04\/devops-2048x1366.jpg 2048w\" sizes=\"(max-width: 2560px) 100vw, 2560px\" \/><\/figure><div class=\"elementor-image-box-content\"><h4 class=\"elementor-image-box-title\">Infraestrutura<\/h4><p class=\"elementor-image-box-description\">Cloud (AWS, Azure e GCP), Devops e solu\u00e7\u00f5es em servidores<\/p><\/div><\/div>\t\t\t\t<\/div>\n\t\t\t\t<\/div>\n\t\t\t\t<\/div>\n\t\t\t\t<div class=\"elementor-element elementor-element-33e86e03 elementor-align-center elementor-invisible elementor-widget elementor-widget-button\" data-id=\"33e86e03\" data-element_type=\"widget\" data-e-type=\"widget\" data-settings=\"{&quot;_animation&quot;:&quot;fadeInDown&quot;}\" data-widget_type=\"button.default\">\n\t\t\t\t<div class=\"elementor-widget-container\">\n\t\t\t\t\t\t\t\t\t<div class=\"elementor-button-wrapper\">\n\t\t\t\t\t<a class=\"elementor-button elementor-size-sm\" role=\"button\">\n\t\t\t\t\t\t<span class=\"elementor-button-content-wrapper\">\n\t\t\t\t\t\t\t\t\t<span class=\"elementor-button-text\">Veja mais<\/span>\n\t\t\t\t\t<\/span>\n\t\t\t\t\t<\/a>\n\t\t\t\t<\/div>\n\t\t\t\t\t\t\t\t<\/div>\n\t\t\t\t<\/div>\n\t\t\t\t\t<\/div>\n\t\t\t\t<\/div>\n\t\t\t\t<\/div>\n\t\t","protected":false},"excerpt":{"rendered":"<p>Desenvolvimento de Projetos de Software Projetos Web e Business Intelligence Contato Nossos servi\u00e7os Uma breve descri\u00e7\u00e3o dos nossos servi\u00e7os Desenvolvimento Web Desenvolvemos sites e projetos Web customizados para a sua empresa Business Intelligence Desenvolvimento de projetos de dados para a gest\u00e3o da sua empresa Consultoria em Tecnologia Oferecemos solu\u00e7\u00f5es especializadas em estrutura\u00e7\u00e3o, arquitetura e projetos [&hellip;]<\/p>\n","protected":false},"author":1,"featured_media":0,"parent":0,"menu_order":0,"comment_status":"closed","ping_status":"closed","template":"elementor_header_footer","meta":{"footnotes":""},"class_list":["post-47","page","type-page","status-publish","hentry"],"_links":{"self":[{"href":"https:\/\/bptecin.com\/index.php\/wp-json\/wp\/v2\/pages\/47","targetHints":{"allow":["GET"]}}],"collection":[{"href":"https:\/\/bptecin.com\/index.php\/wp-json\/wp\/v2\/pages"}],"about":[{"href":"https:\/\/bptecin.com\/index.php\/wp-json\/wp\/v2\/types\/page"}],"author":[{"embeddable":true,"href":"https:\/\/bptecin.com\/index.php\/wp-json\/wp\/v2\/users\/1"}],"replies":[{"embeddable":true,"href":"https:\/\/bptecin.com\/index.php\/wp-json\/wp\/v2\/comments?post=47"}],"version-history":[{"count":55,"href":"https:\/\/bptecin.com\/index.php\/wp-json\/wp\/v2\/pages\/47\/revisions"}],"predecessor-version":[{"id":154,"href":"https:\/\/bptecin.com\/index.php\/wp-json\/wp\/v2\/pages\/47\/revisions\/154"}],"wp:attachment":[{"href":"https:\/\/bptecin.com\/index.php\/wp-json\/wp\/v2\/media?parent=47"}],"curies":[{"name":"wp","href":"https:\/\/api.w.org\/{rel}","templated":true}]}}